{"id":46,"date":"2017-04-18T07:11:32","date_gmt":"2017-04-18T07:11:32","guid":{"rendered":"https:\/\/demo.cocobasic.com\/ocularus-wp\/?page_id=46"},"modified":"2024-09-09T14:45:07","modified_gmt":"2024-09-09T17:45:07","slug":"sobre-ira-carlovich-pinturas-ilustracoes","status":"publish","type":"page","link":"https:\/\/iracarlovich.com.br\/site\/sobre-ira-carlovich-pinturas-ilustracoes\/","title":{"rendered":"Sobre o artista"},"content":{"rendered":"<p>[vc_row][vc_column][vc_column_text]<p class=\"title-description-up\">ARTISTA PL\u00c1STICO<\/p><h1 class=\"entry-title big-text\">Ira Carlovich<\/h1>\n<p><span style=\"font-size: 14px; line-height: 1px;\">Trabalho de forma criativa desde a inf\u00e2ncia, seja com ilustra\u00e7\u00f5es, pinturas, m\u00fasica e design gr\u00e1fico.<\/span><\/p>\n<p><span style=\"font-size: 14px; line-height: 1px;\">Jornalista formado pela UMESP (MTB 0054057\/SP), n\u00e3o segui a carreira por muito tempo, j\u00e1 que o chamado criativo insiste em me perseguir.<\/span><\/p>\n<p><span style=\"font-size: 14px; line-height: 1px;\">S\u00f3cio de uma ag\u00eancia de desenvolvimento web e design, tento dividir a profiss\u00e3o com minhas obras autorais, o que nem sempre \u00e9 f\u00e1cil.<\/span><\/p>\n<p><span style=\"font-size: 14px; line-height: 1px;\">Como artista atravesso muitas fases distintas, de intensas ondas criativas a hiatos e\/ou bloqueios que me for\u00e7am a reavaliar minhas inspira\u00e7\u00f5es e motiva\u00e7\u00f5es.<\/span><\/p>\n<p><span style=\"font-size: 14px; line-height: 1px;\">Espero que voc\u00ea, de alguma maneira, se conecte ao que produzo aqui.<\/span><\/p>\n<p><img loading=\"lazy\" class=\"alignnone wp-image-1588 size-full\" src=\"https:\/\/iracarlovich.com.br\/site\/wp-content\/uploads\/2019\/11\/assinatura.png\" alt=\"\" width=\"100\" height=\"57\" \/><\/p>\n<p><strong>Ira Carlovich<\/strong><br \/>\nArtista autodidata<br \/>\nSP \u2013 Brasil<\/p>\n<a class=\"socail-text\" href=\"https:\/\/www.facebook.com\/iracarlovichart\/\" target=\"_self\">FB.<\/a><a class=\"socail-text\" href=\"https:\/\/www.instagram.com\/iracarlovichart\/\" target=\"_self\">IN.<\/a>[\/vc_column_text][\/vc_column][\/vc_row]<\/p>\n","protected":false},"excerpt":{"rendered":"<p>[vc_row][vc_column][vc_column_text] Trabalho de forma criativa desde a inf\u00e2ncia, seja com ilustra\u00e7\u00f5es, pinturas, m\u00fasica e design gr\u00e1fico. Jornalista formado pela UMESP (MTB 0054057\/SP), n\u00e3o segui a carreira por muito tempo, j\u00e1 que o chamado criativo insiste em me perseguir. S\u00f3cio de uma ag\u00eancia de desenvolvimento web e design, tento dividir a profiss\u00e3o com minhas obras autorais, [&hellip;]<\/p>\n","protected":false},"author":1,"featured_media":0,"parent":0,"menu_order":10,"comment_status":"closed","ping_status":"closed","template":"page-split.php","meta":{"_links_to":"","_links_to_target":""},"_links":{"self":[{"href":"https:\/\/iracarlovich.com.br\/site\/wp-json\/wp\/v2\/pages\/46"}],"collection":[{"href":"https:\/\/iracarlovich.com.br\/site\/wp-json\/wp\/v2\/pages"}],"about":[{"href":"https:\/\/iracarlovich.com.br\/site\/wp-json\/wp\/v2\/types\/page"}],"author":[{"embeddable":true,"href":"https:\/\/iracarlovich.com.br\/site\/wp-json\/wp\/v2\/users\/1"}],"replies":[{"embeddable":true,"href":"https:\/\/iracarlovich.com.br\/site\/wp-json\/wp\/v2\/comments?post=46"}],"version-history":[{"count":2,"href":"https:\/\/iracarlovich.com.br\/site\/wp-json\/wp\/v2\/pages\/46\/revisions"}],"predecessor-version":[{"id":2323,"href":"https:\/\/iracarlovich.com.br\/site\/wp-json\/wp\/v2\/pages\/46\/revisions\/2323"}],"wp:attachment":[{"href":"https:\/\/iracarlovich.com.br\/site\/wp-json\/wp\/v2\/media?parent=46"}],"curies":[{"name":"wp","href":"https:\/\/api.w.org\/{rel}","templated":true}]}}